{"id":3989,"date":"2020-03-31T19:18:14","date_gmt":"2020-03-31T19:18:14","guid":{"rendered":"https:\/\/museebombardier.com\/formulaire-de-reservation-de-groupe-scolaire\/"},"modified":"2020-06-22T17:48:39","modified_gmt":"2020-06-22T17:48:39","slug":"school-group-reservation-form","status":"publish","type":"page","link":"https:\/\/museebombardier.com\/en\/school-group-reservation-form\/","title":{"rendered":"School group reservation form"},"content":{"rendered":"","protected":false},"excerpt":{"rendered":"","protected":false},"author":4,"featured_media":0,"parent":0,"menu_order":0,"comment_status":"closed","ping_status":"closed","template":"","meta":{"_acf_changed":false,"footnotes":""},"class_list":["post-3989","page","type-page","status-publish","hentry"],"acf":[],"yoast_head":"<!-- This site is optimized with the Yoast SEO plugin v27.4 - https:\/\/yoast.com\/product\/yoast-seo-wordpress\/ -->\n<title>Mus\u00e9e de l\u2019ing\u00e9niosit\u00e9 J. Armand Bombardier - Formulaire groupe scolaire<\/title>\n<meta name=\"description\" content=\"Vous aimeriez offrir une activit\u00e9 ou une visite du mus\u00e9e \u00e0 votre groupe d&#039;\u00e9dutiants? Communiquez avec nous d\u00e8s maintenant pour conna\u00eetre nos forfaits.\" \/>\n<meta name=\"robots\" content=\"index, follow, max-snippet:-1, max-image-preview:large, max-video-preview:-1\" \/>\n<link rel=\"canonical\" href=\"https:\/\/museebombardier.com\/en\/school-group-reservation-form\/\" \/>\n<meta property=\"og:locale\" content=\"en_US\" \/>\n<meta property=\"og:type\" content=\"article\" \/>\n<meta property=\"og:title\" content=\"Mus\u00e9e de l\u2019ing\u00e9niosit\u00e9 J. Armand Bombardier - Formulaire groupe scolaire\" \/>\n<meta property=\"og:description\" content=\"Vous aimeriez offrir une activit\u00e9 ou une visite du mus\u00e9e \u00e0 votre groupe d&#039;\u00e9dutiants? Communiquez avec nous d\u00e8s maintenant pour conna\u00eetre nos forfaits.\" \/>\n<meta property=\"og:url\" content=\"https:\/\/museebombardier.com\/en\/school-group-reservation-form\/\" \/>\n<meta property=\"og:site_name\" content=\"Mus\u00e9e de l\u2019ing\u00e9niosit\u00e9 J. Armand Bombardier\" \/>\n<meta property=\"article:publisher\" content=\"https:\/\/www.facebook.com\/MuseeBombardier\/\" \/>\n<meta property=\"article:modified_time\" content=\"2020-06-22T17:48:39+00:00\" \/>\n<meta property=\"og:image\" content=\"https:\/\/museebombardier.com\/wp-content\/uploads\/2020\/04\/seo_generique.jpg\" \/>\n\t<meta property=\"og:image:width\" content=\"1200\" \/>\n\t<meta property=\"og:image:height\" content=\"630\" \/>\n\t<meta property=\"og:image:type\" content=\"image\/jpeg\" \/>\n<meta name=\"twitter:card\" content=\"summary_large_image\" \/>\n<meta name=\"twitter:site\" content=\"@museebombardier\" \/>\n<script type=\"application\/ld+json\" class=\"yoast-schema-graph\">{\"@context\":\"https:\\\/\\\/schema.org\",\"@graph\":[{\"@type\":\"WebPage\",\"@id\":\"https:\\\/\\\/museebombardier.com\\\/en\\\/school-group-reservation-form\\\/\",\"url\":\"https:\\\/\\\/museebombardier.com\\\/en\\\/school-group-reservation-form\\\/\",\"name\":\"Mus\u00e9e de l\u2019ing\u00e9niosit\u00e9 J. Armand Bombardier - Formulaire groupe scolaire\",\"isPartOf\":{\"@id\":\"https:\\\/\\\/museebombardier.com\\\/#website\"},\"datePublished\":\"2020-03-31T19:18:14+00:00\",\"dateModified\":\"2020-06-22T17:48:39+00:00\",\"description\":\"Vous aimeriez offrir une activit\u00e9 ou une visite du mus\u00e9e \u00e0 votre groupe d'\u00e9dutiants? Communiquez avec nous d\u00e8s maintenant pour conna\u00eetre nos forfaits.\",\"breadcrumb\":{\"@id\":\"https:\\\/\\\/museebombardier.com\\\/en\\\/school-group-reservation-form\\\/#breadcrumb\"},\"inLanguage\":\"en-CA\",\"potentialAction\":[{\"@type\":\"ReadAction\",\"target\":[\"https:\\\/\\\/museebombardier.com\\\/en\\\/school-group-reservation-form\\\/\"]}]},{\"@type\":\"BreadcrumbList\",\"@id\":\"https:\\\/\\\/museebombardier.com\\\/en\\\/school-group-reservation-form\\\/#breadcrumb\",\"itemListElement\":[{\"@type\":\"ListItem\",\"position\":1,\"name\":\"Accueil\",\"item\":\"https:\\\/\\\/museebombardier.com\\\/en\\\/\"},{\"@type\":\"ListItem\",\"position\":2,\"name\":\"School group reservation form\"}]},{\"@type\":\"WebSite\",\"@id\":\"https:\\\/\\\/museebombardier.com\\\/#website\",\"url\":\"https:\\\/\\\/museebombardier.com\\\/\",\"name\":\"Mus\u00e9e de l\u2019ing\u00e9niosit\u00e9 J. Armand Bombardier\",\"description\":\"\",\"potentialAction\":[{\"@type\":\"SearchAction\",\"target\":{\"@type\":\"EntryPoint\",\"urlTemplate\":\"https:\\\/\\\/museebombardier.com\\\/?s={search_term_string}\"},\"query-input\":{\"@type\":\"PropertyValueSpecification\",\"valueRequired\":true,\"valueName\":\"search_term_string\"}}],\"inLanguage\":\"en-CA\"}]}<\/script>\n<!-- \/ Yoast SEO plugin. -->","yoast_head_json":{"title":"Mus\u00e9e de l\u2019ing\u00e9niosit\u00e9 J. Armand Bombardier - Formulaire groupe scolaire","description":"Vous aimeriez offrir une activit\u00e9 ou une visite du mus\u00e9e \u00e0 votre groupe d'\u00e9dutiants? Communiquez avec nous d\u00e8s maintenant pour conna\u00eetre nos forfaits.","robots":{"index":"index","follow":"follow","max-snippet":"max-snippet:-1","max-image-preview":"max-image-preview:large","max-video-preview":"max-video-preview:-1"},"canonical":"https:\/\/museebombardier.com\/en\/school-group-reservation-form\/","og_locale":"en_US","og_type":"article","og_title":"Mus\u00e9e de l\u2019ing\u00e9niosit\u00e9 J. Armand Bombardier - Formulaire groupe scolaire","og_description":"Vous aimeriez offrir une activit\u00e9 ou une visite du mus\u00e9e \u00e0 votre groupe d'\u00e9dutiants? Communiquez avec nous d\u00e8s maintenant pour conna\u00eetre nos forfaits.","og_url":"https:\/\/museebombardier.com\/en\/school-group-reservation-form\/","og_site_name":"Mus\u00e9e de l\u2019ing\u00e9niosit\u00e9 J. Armand Bombardier","article_publisher":"https:\/\/www.facebook.com\/MuseeBombardier\/","article_modified_time":"2020-06-22T17:48:39+00:00","og_image":[{"width":1200,"height":630,"url":"https:\/\/museebombardier.com\/wp-content\/uploads\/2020\/04\/seo_generique.jpg","type":"image\/jpeg"}],"twitter_card":"summary_large_image","twitter_site":"@museebombardier","schema":{"@context":"https:\/\/schema.org","@graph":[{"@type":"WebPage","@id":"https:\/\/museebombardier.com\/en\/school-group-reservation-form\/","url":"https:\/\/museebombardier.com\/en\/school-group-reservation-form\/","name":"Mus\u00e9e de l\u2019ing\u00e9niosit\u00e9 J. Armand Bombardier - Formulaire groupe scolaire","isPartOf":{"@id":"https:\/\/museebombardier.com\/#website"},"datePublished":"2020-03-31T19:18:14+00:00","dateModified":"2020-06-22T17:48:39+00:00","description":"Vous aimeriez offrir une activit\u00e9 ou une visite du mus\u00e9e \u00e0 votre groupe d'\u00e9dutiants? Communiquez avec nous d\u00e8s maintenant pour conna\u00eetre nos forfaits.","breadcrumb":{"@id":"https:\/\/museebombardier.com\/en\/school-group-reservation-form\/#breadcrumb"},"inLanguage":"en-CA","potentialAction":[{"@type":"ReadAction","target":["https:\/\/museebombardier.com\/en\/school-group-reservation-form\/"]}]},{"@type":"BreadcrumbList","@id":"https:\/\/museebombardier.com\/en\/school-group-reservation-form\/#breadcrumb","itemListElement":[{"@type":"ListItem","position":1,"name":"Accueil","item":"https:\/\/museebombardier.com\/en\/"},{"@type":"ListItem","position":2,"name":"School group reservation form"}]},{"@type":"WebSite","@id":"https:\/\/museebombardier.com\/#website","url":"https:\/\/museebombardier.com\/","name":"Mus\u00e9e de l\u2019ing\u00e9niosit\u00e9 J. Armand Bombardier","description":"","potentialAction":[{"@type":"SearchAction","target":{"@type":"EntryPoint","urlTemplate":"https:\/\/museebombardier.com\/?s={search_term_string}"},"query-input":{"@type":"PropertyValueSpecification","valueRequired":true,"valueName":"search_term_string"}}],"inLanguage":"en-CA"}]}},"_links":{"self":[{"href":"https:\/\/museebombardier.com\/en\/wp-json\/wp\/v2\/pages\/3989","targetHints":{"allow":["GET"]}}],"collection":[{"href":"https:\/\/museebombardier.com\/en\/wp-json\/wp\/v2\/pages"}],"about":[{"href":"https:\/\/museebombardier.com\/en\/wp-json\/wp\/v2\/types\/page"}],"author":[{"embeddable":true,"href":"https:\/\/museebombardier.com\/en\/wp-json\/wp\/v2\/users\/4"}],"replies":[{"embeddable":true,"href":"https:\/\/museebombardier.com\/en\/wp-json\/wp\/v2\/comments?post=3989"}],"version-history":[{"count":1,"href":"https:\/\/museebombardier.com\/en\/wp-json\/wp\/v2\/pages\/3989\/revisions"}],"predecessor-version":[{"id":3992,"href":"https:\/\/museebombardier.com\/en\/wp-json\/wp\/v2\/pages\/3989\/revisions\/3992"}],"wp:attachment":[{"href":"https:\/\/museebombardier.com\/en\/wp-json\/wp\/v2\/media?parent=3989"}],"curies":[{"name":"wp","href":"https:\/\/api.w.org\/{rel}","templated":true}]}}